{"id":12164,"date":"2020-11-24T12:01:57","date_gmt":"2020-11-24T12:01:57","guid":{"rendered":"http:\/\/192.168.0.108\/braintech\/?page_id=12164"},"modified":"2025-07-16T17:36:25","modified_gmt":"2025-07-16T17:36:25","slug":"about","status":"publish","type":"page","link":"https:\/\/infocontri.com\/index.php\/about\/","title":{"rendered":"Firma"},"content":{"rendered":"\t\t<div data-elementor-type=\"wp-page\" data-elementor-id=\"12164\" class=\"elementor elementor-12164\" data-elementor-settings=\"[]\">\n\t\t\t\t\t\t\t<div class=\"elementor-section-wrap\">\n\t\t\t\t\t\t\t<section class=\"elementor-section elementor-top-section elementor-element elementor-element-b3a7298 elementor-section-full_width elementor-section-stretched elementor-section-height-default elementor-section-height-default\" data-id=\"b3a7298\" data-element_type=\"section\" data-settings=\"{&quot;stretch_section&quot;:&quot;section-stretched&quot;,&quot;background_background&quot;:&quot;classic&quot;}\">\n\t\t\t\t\t\t<div class=\"elementor-container elementor-column-gap-default\">\n\t\t\t\t\t<div class=\"elementor-column elementor-col-100 elementor-top-column elementor-element elementor-element-5fcc27b\" data-id=\"5fcc27b\" data-element_type=\"column\">\n\t\t\t<div class=\"elementor-widget-wrap elementor-element-populated\">\n\t\t\t\t\t\t\t\t<section class=\"elementor-section elementor-inner-section elementor-element elementor-element-f68885f elementor-section-content-middle elementor-section-boxed elementor-section-height-default elementor-section-height-default\" data-id=\"f68885f\" data-element_type=\"section\">\n\t\t\t\t\t\t<div class=\"elementor-container elementor-column-gap-default\">\n\t\t\t\t\t<div class=\"elementor-column elementor-col-50 elementor-inner-column elementor-element elementor-element-c2c1fb8\" data-id=\"c2c1fb8\" data-element_type=\"column\">\n\t\t\t<div class=\"elementor-widget-wrap elementor-element-populated\">\n\t\t\t\t\t\t\t\t<div class=\"elementor-element elementor-element-47a4f34 elementor-widget elementor-widget-rs-image-shabe-animation-effect\" data-id=\"47a4f34\" data-element_type=\"widget\" data-widget_type=\"rs-image-shabe-animation-effect.default\">\n\t\t\t\t<div class=\"elementor-widget-container\">\n\t\t\t\n        <div class=\"rs-animation-shape-image\">\n\n                            <div class=\"pattern\">\n                    <img decoding=\"async\" class=\"scale2\" src=\"https:\/\/keenitsolutions.com\/products\/wordpress\/braintech\/wp-content\/uploads\/2020\/11\/about-effect-1.png\" alt=\"image\"\/>\n                <\/div>\n            \n\n                            <div class=\"middle-image\">\n                    <img decoding=\"async\" src=\"http:\/\/infocontri.com\/wp-content\/uploads\/2021\/05\/INFOCONTRI4.png\" alt=\"image\"\/>\n                <\/div>\n            \n\n                            <div class=\"shape\">\n                    <img decoding=\"async\" class=\"dance\" src=\"https:\/\/keenitsolutions.com\/products\/wordpress\/braintech\/wp-content\/uploads\/2020\/12\/dotted-3.png\" alt=\"image\"\/>\n                <\/div>\n            \n\n            \n\n\n        <\/div>      \n    \t\t<\/div>\n\t\t\t\t<\/div>\n\t\t\t\t\t<\/div>\n\t\t<\/div>\n\t\t\t\t<div class=\"elementor-column elementor-col-50 elementor-inner-column elementor-element elementor-element-cc40be7\" data-id=\"cc40be7\" data-element_type=\"column\">\n\t\t\t<div class=\"elementor-widget-wrap elementor-element-populated\">\n\t\t\t\t\t\t\t\t<div class=\"elementor-element elementor-element-273e746 elementor-widget elementor-widget-rs-heading\" data-id=\"273e746\" data-element_type=\"widget\" data-widget_type=\"rs-heading.default\">\n\t\t\t\t<div class=\"elementor-widget-container\">\n\t\t\t        <div class=\"rs-heading style15  \">\r\n        \t<div class=\"title-inner\">        \t\t      \t\t\r\n\t            <h1 class=\"title\"><span class=\"watermark\"><\/span>INFOCONTRI<\/h1>\t\t\t\t\t        <\/div>\r\n\t                    \t<div class=\"description\">\r\n            \t\t<p><span style=\"color: #000000\"><strong>M\u00e1s de 20 a\u00f1os trabajando en servicios asesor\u00edas legales.<\/strong><\/span><\/p>            \t\t\r\n            \t<\/div>\r\n        \t        <\/div>\r\n\r\n        \t\t<\/div>\n\t\t\t\t<\/div>\n\t\t\t\t<div class=\"elementor-element elementor-element-5af0194 elementor-widget elementor-widget-text-editor\" data-id=\"5af0194\" data-element_type=\"widget\" data-widget_type=\"text-editor.default\">\n\t\t\t\t<div class=\"elementor-widget-container\">\n\t\t\t\t\t\t\t\t<p><span style=\"color: #000000;\"><em><strong>MISION:<\/strong><\/em> \u00a0Contribuir para que nuestros clientes alcancen sus objetivos y desarrollos empresariales, as\u00ed como en el cumplimiento de las diferentes obligaciones, bas\u00e1ndonos en la experiencia y calidad de nuestro personal, colocando al alcance todos, nuestros conocimientos basados en la \u00e9tica e independencia para realizar las funciones de revisor\u00eda fiscal, asesor\u00eda tributaria y consultor\u00eda legal.<\/span><\/p><p><span style=\"color: #000000;\"><em><strong>VISION:<\/strong><\/em>\u00a0<em>Ser una firma de revisor\u00eda fiscal y asesor\u00eda tributaria l\u00edder y reconocida en el mercado nacional, manejando est\u00e1ndares de calidad y \u00e9tica profesional, ofreciendo los servicios profesionales que garanticen el cumplimiento de las normas, obligaciones y necesidades de nuestros clientes.<\/em><\/span><\/p>\t\t\t\t\t\t<\/div>\n\t\t\t\t<\/div>\n\t\t\t\t<div class=\"elementor-element elementor-element-74d7951 elementor-widget elementor-widget-rs-button\" data-id=\"74d7951\" data-element_type=\"widget\" data-widget_type=\"rs-button.default\">\n\t\t\t\t<div class=\"elementor-widget-container\">\n\t\t\t\t\r\n\t\t\r\n\t\t\t\t\t<div class=\"rs-btn\">\r\n\t\t\t\t\t\t\t\t<a class=\"readon rs_button\" href=\"http:\/\/infocontri.com\/index.php\/contact\/\" >\t\t\t\t\r\n\t\t\t\t\t<span class=\"btn_text\">Cont\u00e1ctanos<\/span>\r\n\t\t\t\t\t\t\t\t\t<\/a>\r\n\t\t\t<\/div> \r\n\t\t   \r\n\t\t\t<\/div>\n\t\t\t\t<\/div>\n\t\t\t\t\t<\/div>\n\t\t<\/div>\n\t\t\t\t\t\t\t<\/div>\n\t\t<\/section>\n\t\t\t\t\t<\/div>\n\t\t<\/div>\n\t\t\t\t\t\t\t<\/div>\n\t\t<\/section>\n\t\t\t\t<section class=\"elementor-section elementor-top-section elementor-element elementor-element-49c1874 elementor-section-boxed elementor-section-height-default elementor-section-height-default\" data-id=\"49c1874\" data-element_type=\"section\">\n\t\t\t\t\t\t<div class=\"elementor-container elementor-column-gap-default\">\n\t\t\t\t\t<div class=\"elementor-column elementor-col-100 elementor-top-column elementor-element elementor-element-f14fad5\" data-id=\"f14fad5\" data-element_type=\"column\">\n\t\t\t<div class=\"elementor-widget-wrap elementor-element-populated\">\n\t\t\t\t\t\t\t\t<section class=\"elementor-section elementor-inner-section elementor-element elementor-element-63f2006 elementor-section-full_width elementor-section-height-default elementor-section-height-default\" data-id=\"63f2006\" data-element_type=\"section\">\n\t\t\t\t\t\t<div class=\"elementor-container elementor-column-gap-default\">\n\t\t\t\t\t<div class=\"elementor-column elementor-col-100 elementor-inner-column elementor-element elementor-element-3a03d47\" data-id=\"3a03d47\" data-element_type=\"column\">\n\t\t\t<div class=\"elementor-widget-wrap elementor-element-populated\">\n\t\t\t\t\t\t\t\t<div class=\"elementor-element elementor-element-203a5c9 elementor-widget elementor-widget-rs-heading\" data-id=\"203a5c9\" data-element_type=\"widget\" data-widget_type=\"rs-heading.default\">\n\t\t\t\t<div class=\"elementor-widget-container\">\n\t\t\t        <div class=\"rs-heading style15 center \">\r\n        \t<div class=\"title-inner\">        \t\t      \t\t\r\n\t            <span class=\"sub-text \">Servicios<\/span><h2 class=\"title\"><span class=\"watermark\"><\/span>Nuestro proceso de trabajo<\/h2>\t\t\t\t\t        <\/div>\r\n\t                <\/div>\r\n\r\n        \t\t<\/div>\n\t\t\t\t<\/div>\n\t\t\t\t\t<\/div>\n\t\t<\/div>\n\t\t\t\t\t\t\t<\/div>\n\t\t<\/section>\n\t\t\t\t\t<\/div>\n\t\t<\/div>\n\t\t\t\t\t\t\t<\/div>\n\t\t<\/section>\n\t\t\t\t<section class=\"elementor-section elementor-top-section elementor-element elementor-element-d3bcdb0 elementor-section-full_width elementor-section-stretched elementor-section-height-default elementor-section-height-default\" data-id=\"d3bcdb0\" data-element_type=\"section\" data-settings=\"{&quot;stretch_section&quot;:&quot;section-stretched&quot;,&quot;background_background&quot;:&quot;classic&quot;}\">\n\t\t\t\t\t\t<div class=\"elementor-container elementor-column-gap-default\">\n\t\t\t\t\t<div class=\"elementor-column elementor-col-100 elementor-top-column elementor-element elementor-element-0246bd1\" data-id=\"0246bd1\" data-element_type=\"column\">\n\t\t\t<div class=\"elementor-widget-wrap elementor-element-populated\">\n\t\t\t\t\t\t\t\t<section class=\"elementor-section elementor-inner-section elementor-element elementor-element-b88ea6d elementor-section-boxed elementor-section-height-default elementor-section-height-default\" data-id=\"b88ea6d\" data-element_type=\"section\">\n\t\t\t\t\t\t<div class=\"elementor-container elementor-column-gap-default\">\n\t\t\t\t\t<div class=\"elementor-column elementor-col-25 elementor-inner-column elementor-element elementor-element-cbaf86e\" data-id=\"cbaf86e\" data-element_type=\"column\">\n\t\t\t<div class=\"elementor-widget-wrap elementor-element-populated\">\n\t\t\t\t\t\t\t\t<div class=\"elementor-element elementor-element-b4faa58 elementor-widget elementor-widget-rs-service-grid\" data-id=\"b4faa58\" data-element_type=\"widget\" data-widget_type=\"rs-service-grid.default\">\n\t\t\t\t<div class=\"elementor-widget-container\">\n\t\t\t\t\t\r\n\t\t<div class=\" rs-addon-services services-style5 service_shape_ box_shadow_serial_disable\">\r\n\t\t    <div class=\"services-part image-align-\">\r\n\t\t    \t\t\t\t    \t\t    \t\t\r\n\t\t    \t\r\n\t\t    \t\t\t\r\n\t\t    \t\t\t\t\t\t    \t\t\t<div class=\"services-icon  image \">\r\n\r\n\t\t\t\t\t    \t\t\r\n\t\t\t\t\t    \t\t\r\n\t\t\t\t\t    \t\t\t\t\t\t\t    \t\t\t<img decoding=\"async\" class=\"main-img\" src=\"http:\/\/infocontri.com\/wp-content\/uploads\/2021\/06\/INFOCONTRI1.png\" alt=\"image\"\/>\r\n\t\t\t\t\t    \t\t\t\r\n\t\t\t\t\t    \t\t\t\t\t\t\t    \t\t\r\n\t\t\t\t    \t\t<\/div>\r\n\t\t\t    \t\t\r\n\r\n\t\t    \t\t\t    \t\t       \r\n\t\t\t    <div class=\"services-text\">\r\n\r\n\t\t\t    \t\t\t\t\t    \t\t\t\t    \t\r\n\t\t\t    \t\t\t    \t    \t\t\t    \t\t    \t<div class=\"services-title\">\t\t\t\t    \t\t\r\n\t\t    \t\t    \t\t\t\t    \t\t    \t\t\t<h3 class=\"title\"> Consultor\u00eda Legal<\/h3>\r\n\t\t    \t\t    \t\t\t\t\t\t    \t\t\r\n\t\t    \t\t    \t<\/div>\r\n\t\t    \t    \t\t\t\t\t    \r\n\t\t\t    \t\t\r\n\r\n\r\n\r\n\t\t\t    \t\t\t\t    \t\t\r\n\t    \t    \t\t    \t    \t\r\n\r\n\r\n\r\n\t\t\t    <\/div>\r\n\t\t\t<\/div>\r\n\t\t<\/div>\t\r\n\t\t\r\n\t\t\t<\/div>\n\t\t\t\t<\/div>\n\t\t\t\t\t<\/div>\n\t\t<\/div>\n\t\t\t\t<div class=\"elementor-column elementor-col-25 elementor-inner-column elementor-element elementor-element-34778e9\" data-id=\"34778e9\" data-element_type=\"column\">\n\t\t\t<div class=\"elementor-widget-wrap elementor-element-populated\">\n\t\t\t\t\t\t\t\t<div class=\"elementor-element elementor-element-bb3b207 elementor-widget elementor-widget-rs-service-grid\" data-id=\"bb3b207\" data-element_type=\"widget\" data-widget_type=\"rs-service-grid.default\">\n\t\t\t\t<div class=\"elementor-widget-container\">\n\t\t\t\t\t\r\n\t\t<div class=\" rs-addon-services services-style5 service_shape_ box_shadow_serial_disable\">\r\n\t\t    <div class=\"services-part image-align-\">\r\n\t\t    \t\t\t\t    \t\t    \t\t\r\n\t\t    \t\r\n\t\t    \t\t\t\r\n\t\t    \t\t\t\t\t\t    \t\t\t<div class=\"services-icon  image \">\r\n\r\n\t\t\t\t\t    \t\t\r\n\t\t\t\t\t    \t\t\r\n\t\t\t\t\t    \t\t\t\t\t\t\t    \t\t\t<img decoding=\"async\" class=\"main-img\" src=\"http:\/\/infocontri.com\/wp-content\/uploads\/2021\/06\/INFOCONTRI2.png\" alt=\"image\"\/>\r\n\t\t\t\t\t    \t\t\t\r\n\t\t\t\t\t    \t\t\t\t\t\t\t    \t\t\r\n\t\t\t\t    \t\t<\/div>\r\n\t\t\t    \t\t\r\n\r\n\t\t    \t\t\t    \t\t       \r\n\t\t\t    <div class=\"services-text\">\r\n\r\n\t\t\t    \t\t\t\t\t    \t\t\t\t    \t\r\n\t\t\t    \t\t\t    \t    \t\t\t    \t\t    \t<div class=\"services-title\">\t\t\t\t    \t\t\r\n\t\t    \t\t    \t\t\t\t    \t\t    \t\t\t<h3 class=\"title\"> Outsourcing Contable<\/h3>\r\n\t\t    \t\t    \t\t\t\t\t\t    \t\t\r\n\t\t    \t\t    \t<\/div>\r\n\t\t    \t    \t\t\t\t\t    \r\n\t\t\t    \t\t\r\n\r\n\r\n\r\n\t\t\t    \t\t\t\t    \t\t\r\n\t    \t    \t\t    \t    \t\r\n\r\n\r\n\r\n\t\t\t    <\/div>\r\n\t\t\t<\/div>\r\n\t\t<\/div>\t\r\n\t\t\r\n\t\t\t<\/div>\n\t\t\t\t<\/div>\n\t\t\t\t\t<\/div>\n\t\t<\/div>\n\t\t\t\t<div class=\"elementor-column elementor-col-25 elementor-inner-column elementor-element elementor-element-a257ce5\" data-id=\"a257ce5\" data-element_type=\"column\">\n\t\t\t<div class=\"elementor-widget-wrap elementor-element-populated\">\n\t\t\t\t\t\t\t\t<div class=\"elementor-element elementor-element-d9975b8 elementor-widget elementor-widget-rs-service-grid\" data-id=\"d9975b8\" data-element_type=\"widget\" data-widget_type=\"rs-service-grid.default\">\n\t\t\t\t<div class=\"elementor-widget-container\">\n\t\t\t\t\t\r\n\t\t<div class=\" rs-addon-services services-style5 service_shape_ box_shadow_serial_disable\">\r\n\t\t    <div class=\"services-part image-align-\">\r\n\t\t    \t\t\t\t    \t\t    \t\t\r\n\t\t    \t\r\n\t\t    \t\t\t\r\n\t\t    \t\t\t\t\t\t    \t\t\t<div class=\"services-icon  image \">\r\n\r\n\t\t\t\t\t    \t\t\r\n\t\t\t\t\t    \t\t\r\n\t\t\t\t\t    \t\t\t\t\t\t\t    \t\t\t<img decoding=\"async\" class=\"main-img\" src=\"http:\/\/infocontri.com\/wp-content\/uploads\/2021\/06\/INFOCONTRI-1.png\" alt=\"image\"\/>\r\n\t\t\t\t\t    \t\t\t\r\n\t\t\t\t\t    \t\t\t\t\t\t\t    \t\t\r\n\t\t\t\t    \t\t<\/div>\r\n\t\t\t    \t\t\r\n\r\n\t\t    \t\t\t    \t\t       \r\n\t\t\t    <div class=\"services-text\">\r\n\r\n\t\t\t    \t\t\t\t\t    \t\t\t\t    \t\r\n\t\t\t    \t\t\t    \t    \t\t\t    \t\t    \t<div class=\"services-title\">\t\t\t\t    \t\t\r\n\t\t    \t\t    \t\t\t\t    \t\t    \t\t\t<h3 class=\"title\"> Revisor\u00eda fiscal<\/h3>\r\n\t\t    \t\t    \t\t\t\t\t\t    \t\t\r\n\t\t    \t\t    \t<\/div>\r\n\t\t    \t    \t\t\t\t\t    \r\n\t\t\t    \t\t\r\n\r\n\r\n\r\n\t\t\t    \t\t\t\t    \t\t\r\n\t    \t    \t\t    \t    \t\r\n\r\n\r\n\r\n\t\t\t    <\/div>\r\n\t\t\t<\/div>\r\n\t\t<\/div>\t\r\n\t\t\r\n\t\t\t<\/div>\n\t\t\t\t<\/div>\n\t\t\t\t\t<\/div>\n\t\t<\/div>\n\t\t\t\t<div class=\"elementor-column elementor-col-25 elementor-inner-column elementor-element elementor-element-7bcc5e0\" data-id=\"7bcc5e0\" data-element_type=\"column\">\n\t\t\t<div class=\"elementor-widget-wrap elementor-element-populated\">\n\t\t\t\t\t\t\t\t<div class=\"elementor-element elementor-element-d22b3ce elementor-widget elementor-widget-rs-service-grid\" data-id=\"d22b3ce\" data-element_type=\"widget\" data-widget_type=\"rs-service-grid.default\">\n\t\t\t\t<div class=\"elementor-widget-container\">\n\t\t\t\t\t\r\n\t\t<div class=\" rs-addon-services services-style5 service_shape_ box_shadow_serial_disable\">\r\n\t\t    <div class=\"services-part image-align-\">\r\n\t\t    \t\t\t\t    \t\t    \t\t\r\n\t\t    \t\r\n\t\t    \t\t\t\r\n\t\t    \t\t\t\t\t\t    \t\t\t<div class=\"services-icon  image \">\r\n\r\n\t\t\t\t\t    \t\t\r\n\t\t\t\t\t    \t\t\r\n\t\t\t\t\t    \t\t\t\t\t\t\t    \t\t\t<img decoding=\"async\" class=\"main-img\" src=\"http:\/\/infocontri.com\/wp-content\/uploads\/2021\/06\/INFOCONTRI3.png\" alt=\"image\"\/>\r\n\t\t\t\t\t    \t\t\t\r\n\t\t\t\t\t    \t\t\t\t\t\t\t    \t\t\r\n\t\t\t\t    \t\t<\/div>\r\n\t\t\t    \t\t\r\n\r\n\t\t    \t\t\t    \t\t       \r\n\t\t\t    <div class=\"services-text\">\r\n\r\n\t\t\t    \t\t\t\t\t    \t\t\t\t    \t\r\n\t\t\t    \t\t\t    \t    \t\t\t    \t\t    \t<div class=\"services-title\">\t\t\t\t    \t\t\r\n\t\t    \t\t    \t\t\t\t    \t\t    \t\t\t<h3 class=\"title\"> Asesor\u00eda Y Consultor\u00eda Tributaria<\/h3>\r\n\t\t    \t\t    \t\t\t\t\t\t    \t\t\r\n\t\t    \t\t    \t<\/div>\r\n\t\t    \t    \t\t\t\t\t    \r\n\t\t\t    \t\t\r\n\r\n\r\n\r\n\t\t\t    \t\t\t\t    \t\t\r\n\t    \t    \t\t    \t    \t\r\n\r\n\r\n\r\n\t\t\t    <\/div>\r\n\t\t\t<\/div>\r\n\t\t<\/div>\t\r\n\t\t\r\n\t\t\t<\/div>\n\t\t\t\t<\/div>\n\t\t\t\t\t<\/div>\n\t\t<\/div>\n\t\t\t\t\t\t\t<\/div>\n\t\t<\/section>\n\t\t\t\t<div class=\"elementor-element elementor-element-99e7b1d elementor-align-center elementor-widget elementor-widget-button\" data-id=\"99e7b1d\" data-element_type=\"widget\" data-widget_type=\"button.default\">\n\t\t\t\t<div class=\"elementor-widget-container\">\n\t\t\t\t\t<div class=\"elementor-button-wrapper\">\n\t\t\t<a href=\"http:\/\/infocontri.com\/index.php\/case-studies-style-7\/\" class=\"elementor-button-link elementor-button elementor-size-sm\" role=\"button\">\n\t\t\t\t\t\t<span class=\"elementor-button-content-wrapper\">\n\t\t\t\t\t\t<span class=\"elementor-button-text\">Todos Los servicios<\/span>\n\t\t<\/span>\n\t\t\t\t\t<\/a>\n\t\t<\/div>\n\t\t\t\t<\/div>\n\t\t\t\t<\/div>\n\t\t\t\t\t<\/div>\n\t\t<\/div>\n\t\t\t\t\t\t\t<\/div>\n\t\t<\/section>\n\t\t\t\t<section class=\"elementor-section elementor-top-section elementor-element elementor-element-2b578e3 elementor-section-stretched elementor-section-boxed elementor-section-height-default elementor-section-height-default\" data-id=\"2b578e3\" data-element_type=\"section\" data-settings=\"{&quot;stretch_section&quot;:&quot;section-stretched&quot;,&quot;background_background&quot;:&quot;classic&quot;}\">\n\t\t\t\t\t\t<div class=\"elementor-container elementor-column-gap-default\">\n\t\t\t\t\t<div class=\"elementor-column elementor-col-100 elementor-top-column elementor-element elementor-element-03fb2e1\" data-id=\"03fb2e1\" data-element_type=\"column\">\n\t\t\t<div class=\"elementor-widget-wrap elementor-element-populated\">\n\t\t\t\t\t\t\t\t<section class=\"elementor-section elementor-inner-section elementor-element elementor-element-bb5b5a9 elementor-section-boxed elementor-section-height-default elementor-section-height-default\" data-id=\"bb5b5a9\" data-element_type=\"section\">\n\t\t\t\t\t\t<div class=\"elementor-container elementor-column-gap-default\">\n\t\t\t\t\t<div class=\"elementor-column elementor-col-100 elementor-inner-column elementor-element elementor-element-030e0b5\" data-id=\"030e0b5\" data-element_type=\"column\">\n\t\t\t<div class=\"elementor-widget-wrap elementor-element-populated\">\n\t\t\t\t\t\t\t\t<div class=\"elementor-element elementor-element-a5858fd elementor-widget elementor-widget-rs-heading\" data-id=\"a5858fd\" data-element_type=\"widget\" data-widget_type=\"rs-heading.default\">\n\t\t\t\t<div class=\"elementor-widget-container\">\n\t\t\t        <div class=\"rs-heading style15 center \">\r\n        \t<div class=\"title-inner\">        \t\t      \t\t\r\n\t            <span class=\"sub-text \">Contacto<\/span><h2 class=\"title\"><span class=\"watermark\"><\/span>Solicite una consulta<\/h2>\t\t\t\t\t        <\/div>\r\n\t                <\/div>\r\n\r\n        \t\t<\/div>\n\t\t\t\t<\/div>\n\t\t\t\t\t<\/div>\n\t\t<\/div>\n\t\t\t\t\t\t\t<\/div>\n\t\t<\/section>\n\t\t\t\t\t<\/div>\n\t\t<\/div>\n\t\t\t\t\t\t\t<\/div>\n\t\t<\/section>\n\t\t\t\t<section class=\"elementor-section elementor-top-section elementor-element elementor-element-add0d98 elementor-section-full_width elementor-section-height-default elementor-section-height-default\" data-id=\"add0d98\" data-element_type=\"section\" data-settings=\"{&quot;background_background&quot;:&quot;gradient&quot;,&quot;shape_divider_bottom&quot;:&quot;tilt&quot;}\">\n\t\t\t\t\t<div class=\"elementor-shape elementor-shape-bottom\" data-negative=\"false\">\n\t\t\t<svg xmlns=\"http:\/\/www.w3.org\/2000\/svg\" viewBox=\"0 0 1000 100\" preserveAspectRatio=\"none\">\n\t<path class=\"elementor-shape-fill\" d=\"M0,6V0h1000v100L0,6z\"\/>\n<\/svg>\t\t<\/div>\n\t\t\t\t\t<div class=\"elementor-container elementor-column-gap-default\">\n\t\t\t\t\t<div class=\"elementor-column elementor-col-50 elementor-top-column elementor-element elementor-element-a16aa1c\" data-id=\"a16aa1c\" data-element_type=\"column\" data-settings=\"{&quot;background_background&quot;:&quot;classic&quot;}\">\n\t\t\t<div class=\"elementor-widget-wrap\">\n\t\t\t\t\t\t\t\t\t<\/div>\n\t\t<\/div>\n\t\t\t\t<div class=\"elementor-column elementor-col-50 elementor-top-column elementor-element elementor-element-b24cf7f\" data-id=\"b24cf7f\" data-element_type=\"column\">\n\t\t\t<div class=\"elementor-widget-wrap elementor-element-populated\">\n\t\t\t\t\t\t\t\t<div class=\"elementor-element elementor-element-6ff5adb elementor-widget elementor-widget-rs-cf7\" data-id=\"6ff5adb\" data-element_type=\"widget\" data-widget_type=\"rs-cf7.default\">\n\t\t\t\t<div class=\"elementor-widget-container\">\n\t\t\t<div role=\"form\" class=\"wpcf7\" id=\"wpcf7-f13884-o1\" lang=\"en-US\" dir=\"ltr\">\n<div class=\"screen-reader-response\"><p role=\"status\" aria-live=\"polite\" aria-atomic=\"true\"><\/p> <ul><\/ul><\/div>\n<form action=\"\/index.php\/wp-json\/wp\/v2\/pages\/12164#wpcf7-f13884-o1\" method=\"post\" class=\"wpcf7-form init\" novalidate=\"novalidate\" data-status=\"init\">\n<div style=\"display: none;\">\n<input type=\"hidden\" name=\"_wpcf7\" value=\"13884\" \/>\n<input type=\"hidden\" name=\"_wpcf7_version\" value=\"5.4.1\" \/>\n<input type=\"hidden\" name=\"_wpcf7_locale\" value=\"en_US\" \/>\n<input type=\"hidden\" name=\"_wpcf7_unit_tag\" value=\"wpcf7-f13884-o1\" \/>\n<input type=\"hidden\" name=\"_wpcf7_container_post\" value=\"0\" \/>\n<input type=\"hidden\" name=\"_wpcf7_posted_data_hash\" value=\"\" \/>\n<\/div>\n<div class=\"row\">\n<div class=\"col-sm-12\"><span class=\"wpcf7-form-control-wrap your-name\"><input type=\"text\" name=\"your-name\" value=\"\" size=\"40\" class=\"wpcf7-form-control wpcf7-text wpcf7-validates-as-required\" aria-required=\"true\" aria-invalid=\"false\" placeholder=\"Name\" \/><\/span><\/div>\n<div class=\"col-sm-12\"><span class=\"wpcf7-form-control-wrap your-email\"><input type=\"email\" name=\"your-email\" value=\"\" size=\"40\" class=\"wpcf7-form-control wpcf7-text wpcf7-email wpcf7-validates-as-required wpcf7-validates-as-email\" aria-required=\"true\" aria-invalid=\"false\" placeholder=\"E-Mail\" \/><\/span><\/div>\n<div class=\"col-sm-12\"><span class=\"wpcf7-form-control-wrap your-phone\"><input type=\"text\" name=\"your-phone\" value=\"\" size=\"40\" class=\"wpcf7-form-control wpcf7-text wpcf7-validates-as-required\" aria-required=\"true\" aria-invalid=\"false\" placeholder=\"Phone Number\" \/><\/span><\/div>\n<div class=\"col-sm-12\"><span class=\"wpcf7-form-control-wrap your-message\"><textarea name=\"your-message\" cols=\"40\" rows=\"10\" class=\"wpcf7-form-control wpcf7-textarea\" aria-invalid=\"false\" placeholder=\"Your Message Here\"><\/textarea><\/span><\/div>\n<div class=\"form-button col-sm-12\">\n<p class=\"submit-btn\"><input type=\"submit\" value=\"Submit Now\" class=\"wpcf7-form-control wpcf7-submit\" \/><\/p>\n<\/div>\n<\/div>\n<div class=\"wpcf7-response-output\" aria-hidden=\"true\"><\/div><\/form><\/div>\t\t<\/div>\n\t\t\t\t<\/div>\n\t\t\t\t\t<\/div>\n\t\t<\/div>\n\t\t\t\t\t\t\t<\/div>\n\t\t<\/section>\n\t\t\t\t\t\t<\/div>\n\t\t\t\t\t<\/div>\n\t\t","protected":false},"excerpt":{"rendered":"<p>INFOCONTRI M\u00e1s de 20 a\u00f1os trabajando en servicios asesor\u00edas legales. MISION: \u00a0Contribuir para que nuestros clientes alcancen sus objetivos y desarrollos empresariales, as\u00ed como en el cumplimiento de las diferentes obligaciones, bas\u00e1ndonos en la experiencia y calidad de nuestro personal, colocando al alcance todos, nuestros conocimientos basados en la \u00e9tica e independencia para realizar las&hellip;&nbsp;<a href=\"https:\/\/infocontri.com\/index.php\/about\/\" rel=\"bookmark\"><span class=\"screen-reader-text\">Firma<\/span><\/a><\/p>\n","protected":false},"author":1,"featured_media":0,"parent":0,"menu_order":0,"comment_status":"closed","ping_status":"closed","template":"","meta":{"om_disable_all_campaigns":false,"_mi_skip_tracking":false,"_monsterinsights_sitenote_active":false,"_monsterinsights_sitenote_note":"","_monsterinsights_sitenote_category":0,"neve_meta_sidebar":"","neve_meta_container":"","neve_meta_enable_content_width":"","neve_meta_content_width":0,"neve_meta_title_alignment":"","neve_meta_author_avatar":"","neve_post_elements_order":"","neve_meta_disable_header":"","neve_meta_disable_footer":"","neve_meta_disable_title":"","footnotes":""},"aioseo_notices":[],"_links":{"self":[{"href":"https:\/\/infocontri.com\/index.php\/wp-json\/wp\/v2\/pages\/12164"}],"collection":[{"href":"https:\/\/infocontri.com\/index.php\/wp-json\/wp\/v2\/pages"}],"about":[{"href":"https:\/\/infocontri.com\/index.php\/wp-json\/wp\/v2\/types\/page"}],"author":[{"embeddable":true,"href":"https:\/\/infocontri.com\/index.php\/wp-json\/wp\/v2\/users\/1"}],"replies":[{"embeddable":true,"href":"https:\/\/infocontri.com\/index.php\/wp-json\/wp\/v2\/comments?post=12164"}],"version-history":[{"count":32,"href":"https:\/\/infocontri.com\/index.php\/wp-json\/wp\/v2\/pages\/12164\/revisions"}],"predecessor-version":[{"id":20610,"href":"https:\/\/infocontri.com\/index.php\/wp-json\/wp\/v2\/pages\/12164\/revisions\/20610"}],"wp:attachment":[{"href":"https:\/\/infocontri.com\/index.php\/wp-json\/wp\/v2\/media?parent=12164"}],"curies":[{"name":"wp","href":"https:\/\/api.w.org\/{rel}","templated":true}]}}